{"id":90,"date":"2020-09-20T20:50:06","date_gmt":"2020-09-20T20:50:06","guid":{"rendered":"http:\/\/dianadreamdesigner.com\/?page_id=90"},"modified":"2022-01-10T22:24:49","modified_gmt":"2022-01-10T22:24:49","slug":"quienes-somos","status":"publish","type":"page","link":"https:\/\/dianadreamdesigner.com\/es\/quienes-somos\/","title":{"rendered":"\u00bfQui\u00e9nes Somos?"},"content":{"rendered":"<div data-elementor-type=\"wp-page\" data-elementor-id=\"90\" class=\"elementor elementor-90\" data-elementor-settings=\"[]\">\n\t\t\t\t\t\t<div class=\"elementor-inner\">\n\t\t\t\t\t\t\t<div class=\"elementor-section-wrap\">\n\t\t\t\t\t\t\t<section class=\"elementor-section elementor-top-section elementor-element elementor-element-710463a elementor-section-boxed elementor-section-height-default elementor-section-height-default\" data-id=\"710463a\" data-element_type=\"section\">\n\t\t\t\t\t\t<div class=\"elementor-container elementor-column-gap-wide\">\n\t\t\t\t\t\t\t<div class=\"elementor-row\">\n\t\t\t\t\t<div class=\"elementor-column elementor-col-100 elementor-top-column elementor-element elementor-element-8417fc9\" data-id=\"8417fc9\" data-element_type=\"column\">\n\t\t\t<div class=\"elementor-column-wrap elementor-element-populated\">\n\t\t\t\t\t\t\t<div class=\"elementor-widget-wrap\">\n\t\t\t\t\t\t<div class=\"elementor-element elementor-element-fad17a1 elementor--h-position-center elementor--v-position-middle elementor-arrows-position-inside elementor-pagination-position-inside elementor-widget elementor-widget-slides\" data-id=\"fad17a1\" data-element_type=\"widget\" data-settings=\"{&quot;navigation&quot;:&quot;both&quot;,&quot;autoplay&quot;:&quot;yes&quot;,&quot;pause_on_hover&quot;:&quot;yes&quot;,&quot;pause_on_interaction&quot;:&quot;yes&quot;,&quot;autoplay_speed&quot;:5000,&quot;infinite&quot;:&quot;yes&quot;,&quot;transition&quot;:&quot;slide&quot;,&quot;transition_speed&quot;:500}\" data-widget_type=\"slides.default\">\n\t\t\t\t<div class=\"elementor-widget-container\">\n\t\t\t\t\t<div class=\"elementor-swiper\">\n\t\t\t<div class=\"elementor-slides-wrapper elementor-main-swiper swiper-container\" dir=\"ltr\" data-animation=\"\">\n\t\t\t\t<div class=\"swiper-wrapper elementor-slides\">\n\t\t\t\t\t<div class=\"elementor-repeater-item-d2142ca swiper-slide\"><div class=\"swiper-slide-bg\"><\/div><div class=\"elementor-background-overlay\"><\/div><div class=\"swiper-slide-inner\" ><div class=\"swiper-slide-contents\"><div class=\"elementor-slide-description\"><img class=\"slides_img\" src=\"http:\/\/dianadreamdesigner.com\/wp-content\/uploads\/2020\/09\/icon.png\"><img><br>\nCreating memories<\/div><\/div><\/div><\/div>\t\t\t\t<\/div>\n\t\t\t\t\t\t\t<\/div>\n\t\t<\/div>\n\t\t\t\t<\/div>\n\t\t\t\t<\/div>\n\t\t\t\t\t\t<\/div>\n\t\t\t\t\t<\/div>\n\t\t<\/div>\n\t\t\t\t\t\t\t\t<\/div>\n\t\t\t\t\t<\/div>\n\t\t<\/section>\n\t\t\t\t<section class=\"elementor-section elementor-top-section elementor-element elementor-element-5a1698a elementor-section-boxed elementor-section-height-default elementor-section-height-default\" data-id=\"5a1698a\" data-element_type=\"section\">\n\t\t\t\t\t\t<div class=\"elementor-container elementor-column-gap-default\">\n\t\t\t\t\t\t\t<div class=\"elementor-row\">\n\t\t\t\t\t<div class=\"elementor-column elementor-col-33 elementor-top-column elementor-element elementor-element-e1999b1\" data-id=\"e1999b1\" data-element_type=\"column\">\n\t\t\t<div class=\"elementor-column-wrap\">\n\t\t\t\t\t\t\t<div class=\"elementor-widget-wrap\">\n\t\t\t\t\t\t\t\t<\/div>\n\t\t\t\t\t<\/div>\n\t\t<\/div>\n\t\t\t\t<div class=\"elementor-column elementor-col-33 elementor-top-column elementor-element elementor-element-ce2f22e\" data-id=\"ce2f22e\" data-element_type=\"column\">\n\t\t\t<div class=\"elementor-column-wrap elementor-element-populated\">\n\t\t\t\t\t\t\t<div class=\"elementor-widget-wrap\">\n\t\t\t\t\t\t<div class=\"elementor-element elementor-element-430544d elementor-widget elementor-widget-heading\" data-id=\"430544d\" data-element_type=\"widget\" data-widget_type=\"heading.default\">\n\t\t\t\t<div class=\"elementor-widget-container\">\n\t\t\t<h2 class=\"elementor-heading-title elementor-size-default\">\u00bfQui\u00e9nes somos?<\/h2>\t\t<\/div>\n\t\t\t\t<\/div>\n\t\t\t\t\t\t<\/div>\n\t\t\t\t\t<\/div>\n\t\t<\/div>\n\t\t\t\t<div class=\"elementor-column elementor-col-33 elementor-top-column elementor-element elementor-element-628736e\" data-id=\"628736e\" data-element_type=\"column\">\n\t\t\t<div class=\"elementor-column-wrap\">\n\t\t\t\t\t\t\t<div class=\"elementor-widget-wrap\">\n\t\t\t\t\t\t\t\t<\/div>\n\t\t\t\t\t<\/div>\n\t\t<\/div>\n\t\t\t\t\t\t\t\t<\/div>\n\t\t\t\t\t<\/div>\n\t\t<\/section>\n\t\t\t\t<section class=\"elementor-section elementor-top-section elementor-element elementor-element-d70960c elementor-section-boxed elementor-section-height-default elementor-section-height-default\" data-id=\"d70960c\" data-element_type=\"section\">\n\t\t\t\t\t\t<div class=\"elementor-container elementor-column-gap-default\">\n\t\t\t\t\t\t\t<div class=\"elementor-row\">\n\t\t\t\t\t<div class=\"elementor-column elementor-col-50 elementor-top-column elementor-element elementor-element-27ab9bd\" data-id=\"27ab9bd\" data-element_type=\"column\">\n\t\t\t<div class=\"elementor-column-wrap elementor-element-populated\">\n\t\t\t\t\t\t\t<div class=\"elementor-widget-wrap\">\n\t\t\t\t\t\t<div class=\"elementor-element elementor-element-a0cec43 elementor-widget elementor-widget-image\" data-id=\"a0cec43\" data-element_type=\"widget\" data-widget_type=\"image.default\">\n\t\t\t\t<div class=\"elementor-widget-container\">\n\t\t\t\t\t<div class=\"elementor-image\">\n\t\t\t\t\t\t\t\t\t\t<img width=\"1280\" height=\"914\" src=\"https:\/\/dianadreamdesigner.com\/wp-content\/uploads\/2020\/10\/DDD_Diana.jpg\" class=\"attachment-full size-full\" alt=\"\" loading=\"lazy\" srcset=\"https:\/\/dianadreamdesigner.com\/wp-content\/uploads\/2020\/10\/DDD_Diana.jpg 1280w, https:\/\/dianadreamdesigner.com\/wp-content\/uploads\/2020\/10\/DDD_Diana-300x214.jpg 300w, https:\/\/dianadreamdesigner.com\/wp-content\/uploads\/2020\/10\/DDD_Diana-1024x731.jpg 1024w, https:\/\/dianadreamdesigner.com\/wp-content\/uploads\/2020\/10\/DDD_Diana-768x548.jpg 768w\" sizes=\"(max-width: 1280px) 100vw, 1280px\" \/>\t\t\t\t\t\t\t\t\t\t\t<\/div>\n\t\t\t\t<\/div>\n\t\t\t\t<\/div>\n\t\t\t\t<div class=\"elementor-element elementor-element-3555396 elementor-widget elementor-widget-heading\" data-id=\"3555396\" data-element_type=\"widget\" data-widget_type=\"heading.default\">\n\t\t\t\t<div class=\"elementor-widget-container\">\n\t\t\t<h2 class=\"elementor-heading-title elementor-size-default\">Diana Miranda<\/h2>\t\t<\/div>\n\t\t\t\t<\/div>\n\t\t\t\t<div class=\"elementor-element elementor-element-fd6be88 elementor-widget elementor-widget-heading\" data-id=\"fd6be88\" data-element_type=\"widget\" data-widget_type=\"heading.default\">\n\t\t\t\t<div class=\"elementor-widget-container\">\n\t\t\t<h4 class=\"elementor-heading-title elementor-size-default\">COO &amp; Planner Principal<\/h4>\t\t<\/div>\n\t\t\t\t<\/div>\n\t\t\t\t<div class=\"elementor-element elementor-element-2702486 elementor-widget elementor-widget-text-editor\" data-id=\"2702486\" data-element_type=\"widget\" data-widget_type=\"text-editor.default\">\n\t\t\t\t<div class=\"elementor-widget-container\">\n\t\t\t\t\t<div class=\"elementor-text-editor elementor-clearfix\"><p class=\"p1\">Lic. En Turismo y Organizaci\u00f3n de Eventos egresada de la universidad George Mason, Estados Unidos.<\/p><p class=\"p1\">Mi pasi\u00f3n por las bodas y eventos me llev\u00f3 a estudiar una carrera que me permitiera tener una conexi\u00f3n \u00fanica con mis clientes y mi equipo de trabajo, de tal forma que logremos plasmar sus sue\u00f1os e ilusiones en un evento inolvidable.<\/p><p class=\"p1\">Agradezco la confianza que se me ha dado desde 2014 para crear, dise\u00f1ar y explotar las ideas y locuras que tengo para cada evento porque me han convertido en c\u00f3mplice y pilar fundamental de ese d\u00eda tan especial.<\/p><\/div>\n\t\t\t\t<\/div>\n\t\t\t\t<\/div>\n\t\t\t\t\t\t<\/div>\n\t\t\t\t\t<\/div>\n\t\t<\/div>\n\t\t\t\t<div class=\"elementor-column elementor-col-50 elementor-top-column elementor-element elementor-element-82df798\" data-id=\"82df798\" data-element_type=\"column\">\n\t\t\t<div class=\"elementor-column-wrap elementor-element-populated\">\n\t\t\t\t\t\t\t<div class=\"elementor-widget-wrap\">\n\t\t\t\t\t\t<div class=\"elementor-element elementor-element-7c30799 elementor-widget elementor-widget-image\" data-id=\"7c30799\" data-element_type=\"widget\" data-widget_type=\"image.default\">\n\t\t\t\t<div class=\"elementor-widget-container\">\n\t\t\t\t\t<div class=\"elementor-image\">\n\t\t\t\t\t\t\t\t\t\t<img width=\"1280\" height=\"914\" src=\"https:\/\/dianadreamdesigner.com\/wp-content\/uploads\/2020\/10\/DDD_Andres.jpg\" class=\"attachment-full size-full\" alt=\"\" loading=\"lazy\" srcset=\"https:\/\/dianadreamdesigner.com\/wp-content\/uploads\/2020\/10\/DDD_Andres.jpg 1280w, https:\/\/dianadreamdesigner.com\/wp-content\/uploads\/2020\/10\/DDD_Andres-300x214.jpg 300w, https:\/\/dianadreamdesigner.com\/wp-content\/uploads\/2020\/10\/DDD_Andres-1024x731.jpg 1024w, https:\/\/dianadreamdesigner.com\/wp-content\/uploads\/2020\/10\/DDD_Andres-768x548.jpg 768w\" sizes=\"(max-width: 1280px) 100vw, 1280px\" \/>\t\t\t\t\t\t\t\t\t\t\t<\/div>\n\t\t\t\t<\/div>\n\t\t\t\t<\/div>\n\t\t\t\t<div class=\"elementor-element elementor-element-ca33d06 elementor-widget elementor-widget-heading\" data-id=\"ca33d06\" data-element_type=\"widget\" data-widget_type=\"heading.default\">\n\t\t\t\t<div class=\"elementor-widget-container\">\n\t\t\t<h2 class=\"elementor-heading-title elementor-size-default\">Andr\u00e9s S\u00e1enz<\/h2>\t\t<\/div>\n\t\t\t\t<\/div>\n\t\t\t\t<div class=\"elementor-element elementor-element-aaf5412 elementor-widget elementor-widget-heading\" data-id=\"aaf5412\" data-element_type=\"widget\" data-widget_type=\"heading.default\">\n\t\t\t\t<div class=\"elementor-widget-container\">\n\t\t\t<h4 class=\"elementor-heading-title elementor-size-default\">CEO & Gerente General<\/h4>\t\t<\/div>\n\t\t\t\t<\/div>\n\t\t\t\t<div class=\"elementor-element elementor-element-7107058 elementor-widget elementor-widget-text-editor\" data-id=\"7107058\" data-element_type=\"widget\" data-widget_type=\"text-editor.default\">\n\t\t\t\t<div class=\"elementor-widget-container\">\n\t\t\t\t\t<div class=\"elementor-text-editor elementor-clearfix\"><p class=\"p1\">Lic. En Negocios Internacionales egresado la universidad Gustavus Adolphus, Estados Unidos.<\/p>\n<p class=\"p1\">Desde peque\u00f1o comprend\u00ed la importancia del trabajo en equipo. Aprender a hablar el mismo lenguaje que tu equipo te permite entender las necesidades e ideas de cada miembro, creando as\u00ed proyectos \u00fanicos.<\/p>\n<p class=\"p1\">Planear un evento comprende mucho esfuerzo, dedicaci\u00f3n y un sinf\u00edn de emociones del cliente y de cada persona involucrada en el detr\u00e1s de c\u00e1maras. Es mi tarea comprenderlas y trabajar en conjunto para lograr el \u00e9xito de cada evento.<\/p><\/div>\n\t\t\t\t<\/div>\n\t\t\t\t<\/div>\n\t\t\t\t\t\t<\/div>\n\t\t\t\t\t<\/div>\n\t\t<\/div>\n\t\t\t\t\t\t\t\t<\/div>\n\t\t\t\t\t<\/div>\n\t\t<\/section>\n\t\t\t\t\t\t<\/div>\n\t\t\t\t\t\t<\/div>\n\t\t\t\t\t<\/div>","protected":false},"excerpt":{"rendered":"<p>Creating memories \u00bfQui\u00e9nes somos? Diana Miranda COO &amp; Planner Principal Lic. En Turismo y Organizaci\u00f3n de Eventos egresada de la universidad George Mason, Estados Unidos. Mi pasi\u00f3n por las bodas y eventos me llev\u00f3 a estudiar una carrera que me permitiera tener una conexi\u00f3n \u00fanica con mis clientes y mi equipo de trabajo, de tal [&hellip;]<\/p>","protected":false},"author":1,"featured_media":0,"parent":0,"menu_order":0,"comment_status":"closed","ping_status":"closed","template":"elementor_header_footer","meta":[],"_links":{"self":[{"href":"https:\/\/dianadreamdesigner.com\/es\/wp-json\/wp\/v2\/pages\/90"}],"collection":[{"href":"https:\/\/dianadreamdesigner.com\/es\/wp-json\/wp\/v2\/pages"}],"about":[{"href":"https:\/\/dianadreamdesigner.com\/es\/wp-json\/wp\/v2\/types\/page"}],"author":[{"embeddable":true,"href":"https:\/\/dianadreamdesigner.com\/es\/wp-json\/wp\/v2\/users\/1"}],"replies":[{"embeddable":true,"href":"https:\/\/dianadreamdesigner.com\/es\/wp-json\/wp\/v2\/comments?post=90"}],"version-history":[{"count":22,"href":"https:\/\/dianadreamdesigner.com\/es\/wp-json\/wp\/v2\/pages\/90\/revisions"}],"predecessor-version":[{"id":1231,"href":"https:\/\/dianadreamdesigner.com\/es\/wp-json\/wp\/v2\/pages\/90\/revisions\/1231"}],"wp:attachment":[{"href":"https:\/\/dianadreamdesigner.com\/es\/wp-json\/wp\/v2\/media?parent=90"}],"curies":[{"name":"wp","href":"https:\/\/api.w.org\/{rel}","templated":true}]}}