{"id":84,"date":"2020-09-20T20:33:13","date_gmt":"2020-09-20T20:33:13","guid":{"rendered":"http:\/\/dianadreamdesigner.com\/?page_id=84"},"modified":"2022-01-11T16:45:09","modified_gmt":"2022-01-11T16:45:09","slug":"que-hacemos","status":"publish","type":"page","link":"https:\/\/dianadreamdesigner.com\/es\/que-hacemos\/","title":{"rendered":"\u00bfQu\u00e9 hacemos?"},"content":{"rendered":"<div data-elementor-type=\"wp-page\" data-elementor-id=\"84\" class=\"elementor elementor-84\" data-elementor-settings=\"[]\">\n\t\t\t\t\t\t<div class=\"elementor-inner\">\n\t\t\t\t\t\t\t<div class=\"elementor-section-wrap\">\n\t\t\t\t\t\t\t<section class=\"elementor-section elementor-top-section elementor-element elementor-element-bf8660b elementor-section-boxed elementor-section-height-default elementor-section-height-default\" data-id=\"bf8660b\" data-element_type=\"section\">\n\t\t\t\t\t\t<div class=\"elementor-container elementor-column-gap-wide\">\n\t\t\t\t\t\t\t<div class=\"elementor-row\">\n\t\t\t\t\t<div class=\"elementor-column elementor-col-100 elementor-top-column elementor-element elementor-element-88fa539\" data-id=\"88fa539\" data-element_type=\"column\">\n\t\t\t<div class=\"elementor-column-wrap elementor-element-populated\">\n\t\t\t\t\t\t\t<div class=\"elementor-widget-wrap\">\n\t\t\t\t\t\t<div class=\"elementor-element elementor-element-ec727db elementor--h-position-center elementor--v-position-middle elementor-arrows-position-inside elementor-pagination-position-inside elementor-widget elementor-widget-slides\" data-id=\"ec727db\" data-element_type=\"widget\" data-settings=\"{&quot;navigation&quot;:&quot;both&quot;,&quot;autoplay&quot;:&quot;yes&quot;,&quot;pause_on_hover&quot;:&quot;yes&quot;,&quot;pause_on_interaction&quot;:&quot;yes&quot;,&quot;autoplay_speed&quot;:5000,&quot;infinite&quot;:&quot;yes&quot;,&quot;transition&quot;:&quot;slide&quot;,&quot;transition_speed&quot;:500}\" data-widget_type=\"slides.default\">\n\t\t\t\t<div class=\"elementor-widget-container\">\n\t\t\t\t\t<div class=\"elementor-swiper\">\n\t\t\t<div class=\"elementor-slides-wrapper elementor-main-swiper swiper-container\" dir=\"ltr\" data-animation=\"\">\n\t\t\t\t<div class=\"swiper-wrapper elementor-slides\">\n\t\t\t\t\t<div class=\"elementor-repeater-item-8f8b099 swiper-slide\"><div class=\"swiper-slide-bg\"><\/div><div class=\"swiper-slide-inner\" ><div class=\"swiper-slide-contents\"><\/div><\/div><\/div>\t\t\t\t<\/div>\n\t\t\t\t\t\t\t<\/div>\n\t\t<\/div>\n\t\t\t\t<\/div>\n\t\t\t\t<\/div>\n\t\t\t\t\t\t<\/div>\n\t\t\t\t\t<\/div>\n\t\t<\/div>\n\t\t\t\t\t\t\t\t<\/div>\n\t\t\t\t\t<\/div>\n\t\t<\/section>\n\t\t\t\t<section class=\"elementor-section elementor-top-section elementor-element elementor-element-4645637 elementor-section-boxed elementor-section-height-default elementor-section-height-default\" data-id=\"4645637\" data-element_type=\"section\">\n\t\t\t\t\t\t<div class=\"elementor-container elementor-column-gap-default\">\n\t\t\t\t\t\t\t<div class=\"elementor-row\">\n\t\t\t\t\t<div class=\"elementor-column elementor-col-33 elementor-top-column elementor-element elementor-element-4999efb\" data-id=\"4999efb\" data-element_type=\"column\">\n\t\t\t<div class=\"elementor-column-wrap\">\n\t\t\t\t\t\t\t<div class=\"elementor-widget-wrap\">\n\t\t\t\t\t\t\t\t<\/div>\n\t\t\t\t\t<\/div>\n\t\t<\/div>\n\t\t\t\t<div class=\"elementor-column elementor-col-33 elementor-top-column elementor-element elementor-element-8131a62\" data-id=\"8131a62\" data-element_type=\"column\">\n\t\t\t<div class=\"elementor-column-wrap elementor-element-populated\">\n\t\t\t\t\t\t\t<div class=\"elementor-widget-wrap\">\n\t\t\t\t\t\t<div class=\"elementor-element elementor-element-190e84e elementor-widget elementor-widget-heading\" data-id=\"190e84e\" data-element_type=\"widget\" data-widget_type=\"heading.default\">\n\t\t\t\t<div class=\"elementor-widget-container\">\n\t\t\t<h2 class=\"elementor-heading-title elementor-size-default\">\u00bfQu\u00e9 hacemos?<\/h2>\t\t<\/div>\n\t\t\t\t<\/div>\n\t\t\t\t<div class=\"elementor-element elementor-element-6401921 elementor-widget elementor-widget-heading\" data-id=\"6401921\" data-element_type=\"widget\" data-widget_type=\"heading.default\">\n\t\t\t\t<div class=\"elementor-widget-container\">\n\t\t\t<h4 class=\"elementor-heading-title elementor-size-default\">Bodas, Eventos Sociales & Corporativos<\/h4>\t\t<\/div>\n\t\t\t\t<\/div>\n\t\t\t\t<div class=\"elementor-element elementor-element-c2ca50b elementor-widget elementor-widget-text-editor\" data-id=\"c2ca50b\" data-element_type=\"widget\" data-widget_type=\"text-editor.default\">\n\t\t\t\t<div class=\"elementor-widget-container\">\n\t\t\t\t\t<div class=\"elementor-text-editor elementor-clearfix\"><p><br><\/p><p>Somos una agencia de eventos dedicada a hacer de cada uno algo inolvidable.<\/p>\n<p>\u00a1Nuestra experiencia y creatividad nos ayudar\u00e1 a crear locuras juntos!<\/p>\n<p>Nuestros servicios de dise\u00f1o y planeaci\u00f3n total o parcial se enfocan en la excelencia y precisi\u00f3n que cada evento requiere para volverse todo un \u00e9xito.<br>Nos volvemos tus c\u00f3mplices en este proceso tan importante, desde elegir una locaci\u00f3n, recomendarte a los mejores proveedores que se adapten a tu estilo y dise\u00f1ar tu evento de pies a cabeza, hasta estar presente en cada segundo de tu gran d\u00eda.<\/p>\n<p><img loading=\"lazy\" class=\"aligncenter wp-image-60 size-full\" style=\"max-width: 50px;\" src=\"http:\/\/dianadreamdesigner.com\/wp-content\/uploads\/2020\/09\/Icon_B.png\" alt=\"\" width=\"512\" height=\"512\" srcset=\"https:\/\/dianadreamdesigner.com\/wp-content\/uploads\/2020\/09\/Icon_B.png 512w, https:\/\/dianadreamdesigner.com\/wp-content\/uploads\/2020\/09\/Icon_B-300x300.png 300w, https:\/\/dianadreamdesigner.com\/wp-content\/uploads\/2020\/09\/Icon_B-150x150.png 150w\" sizes=\"(max-width: 512px) 100vw, 512px\" \/><\/p><\/div>\n\t\t\t\t<\/div>\n\t\t\t\t<\/div>\n\t\t\t\t\t\t<\/div>\n\t\t\t\t\t<\/div>\n\t\t<\/div>\n\t\t\t\t<div class=\"elementor-column elementor-col-33 elementor-top-column elementor-element elementor-element-c85504e\" data-id=\"c85504e\" data-element_type=\"column\">\n\t\t\t<div class=\"elementor-column-wrap\">\n\t\t\t\t\t\t\t<div class=\"elementor-widget-wrap\">\n\t\t\t\t\t\t\t\t<\/div>\n\t\t\t\t\t<\/div>\n\t\t<\/div>\n\t\t\t\t\t\t\t\t<\/div>\n\t\t\t\t\t<\/div>\n\t\t<\/section>\n\t\t\t\t\t\t<\/div>\n\t\t\t\t\t\t<\/div>\n\t\t\t\t\t<\/div>","protected":false},"excerpt":{"rendered":"<p>\u00bfQu\u00e9 hacemos? Bodas, Eventos Sociales &#038; Corporativos Somos una agencia de eventos dedicada a hacer de cada uno algo inolvidable. \u00a1Nuestra experiencia y creatividad nos ayudar\u00e1 a crear locuras juntos! Nuestros servicios de dise\u00f1o y planeaci\u00f3n total o parcial se enfocan en la excelencia y precisi\u00f3n que cada evento requiere para volverse todo un \u00e9xito.Nos [&hellip;]<\/p>","protected":false},"author":1,"featured_media":0,"parent":0,"menu_order":0,"comment_status":"closed","ping_status":"closed","template":"elementor_header_footer","meta":[],"_links":{"self":[{"href":"https:\/\/dianadreamdesigner.com\/es\/wp-json\/wp\/v2\/pages\/84"}],"collection":[{"href":"https:\/\/dianadreamdesigner.com\/es\/wp-json\/wp\/v2\/pages"}],"about":[{"href":"https:\/\/dianadreamdesigner.com\/es\/wp-json\/wp\/v2\/types\/page"}],"author":[{"embeddable":true,"href":"https:\/\/dianadreamdesigner.com\/es\/wp-json\/wp\/v2\/users\/1"}],"replies":[{"embeddable":true,"href":"https:\/\/dianadreamdesigner.com\/es\/wp-json\/wp\/v2\/comments?post=84"}],"version-history":[{"count":13,"href":"https:\/\/dianadreamdesigner.com\/es\/wp-json\/wp\/v2\/pages\/84\/revisions"}],"predecessor-version":[{"id":1261,"href":"https:\/\/dianadreamdesigner.com\/es\/wp-json\/wp\/v2\/pages\/84\/revisions\/1261"}],"wp:attachment":[{"href":"https:\/\/dianadreamdesigner.com\/es\/wp-json\/wp\/v2\/media?parent=84"}],"curies":[{"name":"wp","href":"https:\/\/api.w.org\/{rel}","templated":true}]}}