{"id":265,"date":"2020-10-13T23:33:26","date_gmt":"2020-10-13T23:33:26","guid":{"rendered":"http:\/\/dianadreamdesigner.com\/?page_id=265"},"modified":"2024-06-30T20:36:21","modified_gmt":"2024-06-30T20:36:21","slug":"who-we-are","status":"publish","type":"page","link":"https:\/\/dianadreamdesigner.com\/es\/who-we-are\/","title":{"rendered":"\u00bfQui\u00e9nes somos?"},"content":{"rendered":"<div data-elementor-type=\"wp-page\" data-elementor-id=\"265\" class=\"elementor elementor-265\" data-elementor-settings=\"[]\">\n\t\t\t\t\t\t<div class=\"elementor-inner\">\n\t\t\t\t\t\t\t<div class=\"elementor-section-wrap\">\n\t\t\t\t\t\t\t<section class=\"elementor-section elementor-top-section elementor-element elementor-element-396a2c85 elementor-section-boxed elementor-section-height-default elementor-section-height-default\" data-id=\"396a2c85\" data-element_type=\"section\">\n\t\t\t\t\t\t<div class=\"elementor-container elementor-column-gap-wide\">\n\t\t\t\t\t\t\t<div class=\"elementor-row\">\n\t\t\t\t\t<div class=\"elementor-column elementor-col-100 elementor-top-column elementor-element elementor-element-59dc2456\" data-id=\"59dc2456\" data-element_type=\"column\">\n\t\t\t<div class=\"elementor-column-wrap elementor-element-populated\">\n\t\t\t\t\t\t\t<div class=\"elementor-widget-wrap\">\n\t\t\t\t\t\t<div class=\"elementor-element elementor-element-625970c8 elementor--h-position-center elementor--v-position-middle elementor-arrows-position-inside elementor-pagination-position-inside elementor-widget elementor-widget-slides\" data-id=\"625970c8\" data-element_type=\"widget\" data-settings=\"{&quot;navigation&quot;:&quot;both&quot;,&quot;autoplay&quot;:&quot;yes&quot;,&quot;pause_on_hover&quot;:&quot;yes&quot;,&quot;pause_on_interaction&quot;:&quot;yes&quot;,&quot;autoplay_speed&quot;:5000,&quot;infinite&quot;:&quot;yes&quot;,&quot;transition&quot;:&quot;slide&quot;,&quot;transition_speed&quot;:500}\" data-widget_type=\"slides.default\">\n\t\t\t\t<div class=\"elementor-widget-container\">\n\t\t\t\t\t<div class=\"elementor-swiper\">\n\t\t\t<div class=\"elementor-slides-wrapper elementor-main-swiper swiper-container\" dir=\"ltr\" data-animation=\"\">\n\t\t\t\t<div class=\"swiper-wrapper elementor-slides\">\n\t\t\t\t\t<div class=\"elementor-repeater-item-d2142ca swiper-slide\"><div class=\"swiper-slide-bg\"><\/div><div class=\"elementor-background-overlay\"><\/div><div class=\"swiper-slide-inner\" ><div class=\"swiper-slide-contents\"><div class=\"elementor-slide-description\"><img class=\"slides_img\" src=\"http:\/\/dianadreamdesigner.com\/wp-content\/uploads\/2020\/09\/icon.png\"><img><br>\nCreating memories<\/div><\/div><\/div><\/div>\t\t\t\t<\/div>\n\t\t\t\t\t\t\t<\/div>\n\t\t<\/div>\n\t\t\t\t<\/div>\n\t\t\t\t<\/div>\n\t\t\t\t\t\t<\/div>\n\t\t\t\t\t<\/div>\n\t\t<\/div>\n\t\t\t\t\t\t\t\t<\/div>\n\t\t\t\t\t<\/div>\n\t\t<\/section>\n\t\t\t\t<section class=\"elementor-section elementor-top-section elementor-element elementor-element-674c7571 elementor-section-boxed elementor-section-height-default elementor-section-height-default\" data-id=\"674c7571\" data-element_type=\"section\">\n\t\t\t\t\t\t<div class=\"elementor-container elementor-column-gap-default\">\n\t\t\t\t\t\t\t<div class=\"elementor-row\">\n\t\t\t\t\t<div class=\"elementor-column elementor-col-33 elementor-top-column elementor-element elementor-element-3106fa40\" data-id=\"3106fa40\" data-element_type=\"column\">\n\t\t\t<div class=\"elementor-column-wrap\">\n\t\t\t\t\t\t\t<div class=\"elementor-widget-wrap\">\n\t\t\t\t\t\t\t\t<\/div>\n\t\t\t\t\t<\/div>\n\t\t<\/div>\n\t\t\t\t<div class=\"elementor-column elementor-col-33 elementor-top-column elementor-element elementor-element-6396243c\" data-id=\"6396243c\" data-element_type=\"column\">\n\t\t\t<div class=\"elementor-column-wrap elementor-element-populated\">\n\t\t\t\t\t\t\t<div class=\"elementor-widget-wrap\">\n\t\t\t\t\t\t<div class=\"elementor-element elementor-element-48a02614 elementor-widget elementor-widget-heading\" data-id=\"48a02614\" data-element_type=\"widget\" data-widget_type=\"heading.default\">\n\t\t\t\t<div class=\"elementor-widget-container\">\n\t\t\t<h2 class=\"elementor-heading-title elementor-size-default\">\u00bfQui\u00e9nes somos?<\/h2>\t\t<\/div>\n\t\t\t\t<\/div>\n\t\t\t\t\t\t<\/div>\n\t\t\t\t\t<\/div>\n\t\t<\/div>\n\t\t\t\t<div class=\"elementor-column elementor-col-33 elementor-top-column elementor-element elementor-element-2e8fe764\" data-id=\"2e8fe764\" data-element_type=\"column\">\n\t\t\t<div class=\"elementor-column-wrap\">\n\t\t\t\t\t\t\t<div class=\"elementor-widget-wrap\">\n\t\t\t\t\t\t\t\t<\/div>\n\t\t\t\t\t<\/div>\n\t\t<\/div>\n\t\t\t\t\t\t\t\t<\/div>\n\t\t\t\t\t<\/div>\n\t\t<\/section>\n\t\t\t\t<section class=\"elementor-section elementor-top-section elementor-element elementor-element-5c763a46 elementor-section-boxed elementor-section-height-default elementor-section-height-default\" data-id=\"5c763a46\" data-element_type=\"section\">\n\t\t\t\t\t\t<div class=\"elementor-container elementor-column-gap-default\">\n\t\t\t\t\t\t\t<div class=\"elementor-row\">\n\t\t\t\t\t<div class=\"elementor-column elementor-col-50 elementor-top-column elementor-element elementor-element-6bb1f150\" data-id=\"6bb1f150\" data-element_type=\"column\">\n\t\t\t<div class=\"elementor-column-wrap elementor-element-populated\">\n\t\t\t\t\t\t\t<div class=\"elementor-widget-wrap\">\n\t\t\t\t\t\t<div class=\"elementor-element elementor-element-784c4f6a elementor-widget elementor-widget-image\" data-id=\"784c4f6a\" data-element_type=\"widget\" data-widget_type=\"image.default\">\n\t\t\t\t<div class=\"elementor-widget-container\">\n\t\t\t\t\t<div class=\"elementor-image\">\n\t\t\t\t\t\t\t\t\t\t<img width=\"768\" height=\"509\" src=\"https:\/\/dianadreamdesigner.com\/wp-content\/uploads\/2022\/11\/Captura-de-pantalla-2022-11-08-a-las-15.48.08-768x509.png\" class=\"attachment-medium_large size-medium_large\" alt=\"\" loading=\"lazy\" srcset=\"https:\/\/dianadreamdesigner.com\/wp-content\/uploads\/2022\/11\/Captura-de-pantalla-2022-11-08-a-las-15.48.08-768x509.png 768w, https:\/\/dianadreamdesigner.com\/wp-content\/uploads\/2022\/11\/Captura-de-pantalla-2022-11-08-a-las-15.48.08-300x199.png 300w, https:\/\/dianadreamdesigner.com\/wp-content\/uploads\/2022\/11\/Captura-de-pantalla-2022-11-08-a-las-15.48.08-1024x679.png 1024w, https:\/\/dianadreamdesigner.com\/wp-content\/uploads\/2022\/11\/Captura-de-pantalla-2022-11-08-a-las-15.48.08-18x12.png 18w, https:\/\/dianadreamdesigner.com\/wp-content\/uploads\/2022\/11\/Captura-de-pantalla-2022-11-08-a-las-15.48.08.png 1488w\" sizes=\"(max-width: 768px) 100vw, 768px\" \/>\t\t\t\t\t\t\t\t\t\t\t<\/div>\n\t\t\t\t<\/div>\n\t\t\t\t<\/div>\n\t\t\t\t<div class=\"elementor-element elementor-element-4791aeca elementor-widget elementor-widget-heading\" data-id=\"4791aeca\" data-element_type=\"widget\" data-widget_type=\"heading.default\">\n\t\t\t\t<div class=\"elementor-widget-container\">\n\t\t\t<h2 class=\"elementor-heading-title elementor-size-default\">Diana Miranda<\/h2>\t\t<\/div>\n\t\t\t\t<\/div>\n\t\t\t\t<div class=\"elementor-element elementor-element-4390843b elementor-widget elementor-widget-heading\" data-id=\"4390843b\" data-element_type=\"widget\" data-widget_type=\"heading.default\">\n\t\t\t\t<div class=\"elementor-widget-container\">\n\t\t\t<h4 class=\"elementor-heading-title elementor-size-default\">Co-Fundadora &amp; Planner Principal<\/h4>\t\t<\/div>\n\t\t\t\t<\/div>\n\t\t\t\t<div class=\"elementor-element elementor-element-6591b196 elementor-widget elementor-widget-text-editor\" data-id=\"6591b196\" data-element_type=\"widget\" data-widget_type=\"text-editor.default\">\n\t\t\t\t<div class=\"elementor-widget-container\">\n\t\t\t\t\t<div class=\"elementor-text-editor elementor-clearfix\"><p class=\"p1\">Lic. En Turismo y Organizaci\u00f3n de Eventos egresada de la universidad George Mason, Estados Unidos.<\/p><p class=\"p1\">Mi pasi\u00f3n por las bodas y eventos me llev\u00f3 a estudiar una carrera que me permitiera tener una conexi\u00f3n \u00fanica con mis clientes y mi equipo de trabajo, de tal forma que logremos plasmar sus sue\u00f1os e ilusiones en un evento inolvidable.<\/p><p class=\"p1\">Agradezco la confianza que se me ha dado desde 2014 para crear, dise\u00f1ar y explotar las ideas y locuras que tengo para cada evento porque me han convertido en c\u00f3mplice y pilar fundamental de ese d\u00eda tan especial.<\/p><\/div>\n\t\t\t\t<\/div>\n\t\t\t\t<\/div>\n\t\t\t\t\t\t<\/div>\n\t\t\t\t\t<\/div>\n\t\t<\/div>\n\t\t\t\t<div class=\"elementor-column elementor-col-50 elementor-top-column elementor-element elementor-element-22e6f69f\" data-id=\"22e6f69f\" data-element_type=\"column\">\n\t\t\t<div class=\"elementor-column-wrap elementor-element-populated\">\n\t\t\t\t\t\t\t<div class=\"elementor-widget-wrap\">\n\t\t\t\t\t\t<div class=\"elementor-element elementor-element-1d067b87 elementor-widget elementor-widget-image\" data-id=\"1d067b87\" data-element_type=\"widget\" data-widget_type=\"image.default\">\n\t\t\t\t<div class=\"elementor-widget-container\">\n\t\t\t\t\t<div class=\"elementor-image\">\n\t\t\t\t\t\t\t\t\t\t<img width=\"768\" height=\"512\" src=\"https:\/\/dianadreamdesigner.com\/wp-content\/uploads\/2023\/01\/IMG_5985-768x512.jpg\" class=\"attachment-medium_large size-medium_large\" alt=\"\" loading=\"lazy\" srcset=\"https:\/\/dianadreamdesigner.com\/wp-content\/uploads\/2023\/01\/IMG_5985-768x512.jpg 768w, https:\/\/dianadreamdesigner.com\/wp-content\/uploads\/2023\/01\/IMG_5985-300x200.jpg 300w, https:\/\/dianadreamdesigner.com\/wp-content\/uploads\/2023\/01\/IMG_5985-1024x683.jpg 1024w, https:\/\/dianadreamdesigner.com\/wp-content\/uploads\/2023\/01\/IMG_5985-1536x1024.jpg 1536w, https:\/\/dianadreamdesigner.com\/wp-content\/uploads\/2023\/01\/IMG_5985-18x12.jpg 18w, https:\/\/dianadreamdesigner.com\/wp-content\/uploads\/2023\/01\/IMG_5985.jpg 2048w\" sizes=\"(max-width: 768px) 100vw, 768px\" \/>\t\t\t\t\t\t\t\t\t\t\t<\/div>\n\t\t\t\t<\/div>\n\t\t\t\t<\/div>\n\t\t\t\t<div class=\"elementor-element elementor-element-3434ba80 elementor-widget elementor-widget-heading\" data-id=\"3434ba80\" data-element_type=\"widget\" data-widget_type=\"heading.default\">\n\t\t\t\t<div class=\"elementor-widget-container\">\n\t\t\t<h2 class=\"elementor-heading-title elementor-size-default\">Andr\u00e9s S\u00e1enz<\/h2>\t\t<\/div>\n\t\t\t\t<\/div>\n\t\t\t\t<div class=\"elementor-element elementor-element-1d8739ae elementor-widget elementor-widget-heading\" data-id=\"1d8739ae\" data-element_type=\"widget\" data-widget_type=\"heading.default\">\n\t\t\t\t<div class=\"elementor-widget-container\">\n\t\t\t<h4 class=\"elementor-heading-title elementor-size-default\">Co-Fundador &amp; Gerente General <\/h4>\t\t<\/div>\n\t\t\t\t<\/div>\n\t\t\t\t<div class=\"elementor-element elementor-element-79cb802f elementor-widget elementor-widget-text-editor\" data-id=\"79cb802f\" data-element_type=\"widget\" data-widget_type=\"text-editor.default\">\n\t\t\t\t<div class=\"elementor-widget-container\">\n\t\t\t\t\t<div class=\"elementor-text-editor elementor-clearfix\"><p class=\"p1\">Lic. En Negocios Internacionales egresado la universidad Gustavus Adolphus, Estados Unidos.<\/p><p class=\"p1\">Desde peque\u00f1o comprend\u00ed la importancia del trabajo en equipo. Aprender a hablar el mismo lenguaje que tu equipo te permite entender las necesidades e ideas de cada miembro, creando as\u00ed proyectos \u00fanicos.<\/p><p class=\"p1\">Planear un evento comprende mucho esfuerzo, dedicaci\u00f3n y un sinf\u00edn de emociones del cliente y de cada persona involucrada en el detr\u00e1s de c\u00e1maras. Es mi tarea comprenderlas y trabajar en conjunto para lograr el \u00e9xito de cada evento.<\/p><\/div>\n\t\t\t\t<\/div>\n\t\t\t\t<\/div>\n\t\t\t\t\t\t<\/div>\n\t\t\t\t\t<\/div>\n\t\t<\/div>\n\t\t\t\t\t\t\t\t<\/div>\n\t\t\t\t\t<\/div>\n\t\t<\/section>\n\t\t\t\t\t\t<\/div>\n\t\t\t\t\t\t<\/div>\n\t\t\t\t\t<\/div>","protected":false},"excerpt":{"rendered":"<p>Creating memories Who We Are Diana Miranda Co-Founder &amp; Head Planner Bachelor of Science in Tourism and Events Management from George Mason University, U.S.A. My passion for weddings and events led me to study a degree that would allow me to have a unique connection with my clients and my work team in such a [&hellip;]<\/p>","protected":false},"author":1,"featured_media":0,"parent":0,"menu_order":0,"comment_status":"closed","ping_status":"closed","template":"elementor_header_footer","meta":[],"_links":{"self":[{"href":"https:\/\/dianadreamdesigner.com\/es\/wp-json\/wp\/v2\/pages\/265"}],"collection":[{"href":"https:\/\/dianadreamdesigner.com\/es\/wp-json\/wp\/v2\/pages"}],"about":[{"href":"https:\/\/dianadreamdesigner.com\/es\/wp-json\/wp\/v2\/types\/page"}],"author":[{"embeddable":true,"href":"https:\/\/dianadreamdesigner.com\/es\/wp-json\/wp\/v2\/users\/1"}],"replies":[{"embeddable":true,"href":"https:\/\/dianadreamdesigner.com\/es\/wp-json\/wp\/v2\/comments?post=265"}],"version-history":[{"count":29,"href":"https:\/\/dianadreamdesigner.com\/es\/wp-json\/wp\/v2\/pages\/265\/revisions"}],"predecessor-version":[{"id":1518,"href":"https:\/\/dianadreamdesigner.com\/es\/wp-json\/wp\/v2\/pages\/265\/revisions\/1518"}],"wp:attachment":[{"href":"https:\/\/dianadreamdesigner.com\/es\/wp-json\/wp\/v2\/media?parent=265"}],"curies":[{"name":"wp","href":"https:\/\/api.w.org\/{rel}","templated":true}]}}