{"id":110,"date":"2020-09-21T01:08:10","date_gmt":"2020-09-21T01:08:10","guid":{"rendered":"http:\/\/dianadreamdesigner.com\/?page_id=110"},"modified":"2022-01-11T16:48:15","modified_gmt":"2022-01-11T16:48:15","slug":"contactanos","status":"publish","type":"page","link":"https:\/\/dianadreamdesigner.com\/es\/contactanos\/","title":{"rendered":"Cont\u00e1ctanos"},"content":{"rendered":"<div data-elementor-type=\"wp-page\" data-elementor-id=\"110\" class=\"elementor elementor-110\" data-elementor-settings=\"[]\">\n\t\t\t\t\t\t<div class=\"elementor-inner\">\n\t\t\t\t\t\t\t<div class=\"elementor-section-wrap\">\n\t\t\t\t\t\t\t<section class=\"elementor-section elementor-top-section elementor-element elementor-element-1550db3 elementor-section-boxed elementor-section-height-default elementor-section-height-default\" data-id=\"1550db3\" data-element_type=\"section\">\n\t\t\t\t\t\t<div class=\"elementor-container elementor-column-gap-wide\">\n\t\t\t\t\t\t\t<div class=\"elementor-row\">\n\t\t\t\t\t<div class=\"elementor-column elementor-col-100 elementor-top-column elementor-element elementor-element-84c263a\" data-id=\"84c263a\" data-element_type=\"column\">\n\t\t\t<div class=\"elementor-column-wrap elementor-element-populated\">\n\t\t\t\t\t\t\t<div class=\"elementor-widget-wrap\">\n\t\t\t\t\t\t<div class=\"elementor-element elementor-element-8e843a3 elementor--h-position-center elementor--v-position-middle elementor-arrows-position-inside elementor-pagination-position-inside elementor-widget elementor-widget-slides\" data-id=\"8e843a3\" data-element_type=\"widget\" data-settings=\"{&quot;navigation&quot;:&quot;both&quot;,&quot;autoplay&quot;:&quot;yes&quot;,&quot;pause_on_hover&quot;:&quot;yes&quot;,&quot;pause_on_interaction&quot;:&quot;yes&quot;,&quot;autoplay_speed&quot;:5000,&quot;infinite&quot;:&quot;yes&quot;,&quot;transition&quot;:&quot;slide&quot;,&quot;transition_speed&quot;:500}\" data-widget_type=\"slides.default\">\n\t\t\t\t<div class=\"elementor-widget-container\">\n\t\t\t\t\t<div class=\"elementor-swiper\">\n\t\t\t<div class=\"elementor-slides-wrapper elementor-main-swiper swiper-container\" dir=\"ltr\" data-animation=\"\">\n\t\t\t\t<div class=\"swiper-wrapper elementor-slides\">\n\t\t\t\t\t<div class=\"elementor-repeater-item-54306f1 swiper-slide\"><div class=\"swiper-slide-bg\"><\/div><div class=\"swiper-slide-inner\" ><div class=\"swiper-slide-contents\"><div class=\"elementor-slide-description\"><img class=\"slides_img\" src=\"http:\/\/dianadreamdesigner.com\/wp-content\/uploads\/2020\/09\/icon.png\"><img><br>\nCreating memories<\/div><\/div><\/div><\/div>\t\t\t\t<\/div>\n\t\t\t\t\t\t\t<\/div>\n\t\t<\/div>\n\t\t\t\t<\/div>\n\t\t\t\t<\/div>\n\t\t\t\t\t\t<\/div>\n\t\t\t\t\t<\/div>\n\t\t<\/div>\n\t\t\t\t\t\t\t\t<\/div>\n\t\t\t\t\t<\/div>\n\t\t<\/section>\n\t\t\t\t<section class=\"elementor-section elementor-top-section elementor-element elementor-element-c73385f elementor-section-boxed elementor-section-height-default elementor-section-height-default\" data-id=\"c73385f\" data-element_type=\"section\">\n\t\t\t\t\t\t<div class=\"elementor-container elementor-column-gap-default\">\n\t\t\t\t\t\t\t<div class=\"elementor-row\">\n\t\t\t\t\t<div class=\"elementor-column elementor-col-33 elementor-top-column elementor-element elementor-element-f4a1a61\" data-id=\"f4a1a61\" data-element_type=\"column\">\n\t\t\t<div class=\"elementor-column-wrap\">\n\t\t\t\t\t\t\t<div class=\"elementor-widget-wrap\">\n\t\t\t\t\t\t\t\t<\/div>\n\t\t\t\t\t<\/div>\n\t\t<\/div>\n\t\t\t\t<div class=\"elementor-column elementor-col-33 elementor-top-column elementor-element elementor-element-4ddb3ef\" data-id=\"4ddb3ef\" data-element_type=\"column\">\n\t\t\t<div class=\"elementor-column-wrap elementor-element-populated\">\n\t\t\t\t\t\t\t<div class=\"elementor-widget-wrap\">\n\t\t\t\t\t\t<div class=\"elementor-element elementor-element-5e3e9bc elementor-widget elementor-widget-heading\" data-id=\"5e3e9bc\" data-element_type=\"widget\" data-widget_type=\"heading.default\">\n\t\t\t\t<div class=\"elementor-widget-container\">\n\t\t\t<h2 class=\"elementor-heading-title elementor-size-default\">Cont\u00e1ctanos<\/h2>\t\t<\/div>\n\t\t\t\t<\/div>\n\t\t\t\t<div class=\"elementor-element elementor-element-1ecc8fb elementor-widget elementor-widget-text-editor\" data-id=\"1ecc8fb\" data-element_type=\"widget\" data-widget_type=\"text-editor.default\">\n\t\t\t\t<div class=\"elementor-widget-container\">\n\t\t\t\t\t<div class=\"elementor-text-editor elementor-clearfix\"><p class=\"p1\">Escr\u00edbenos para agendar una asesor\u00eda complementaria sobre tu boda o evento. <br \/>\u00a1Nos encantar\u00e1 escuchar tus ideas!<\/p><\/div>\n\t\t\t\t<\/div>\n\t\t\t\t<\/div>\n\t\t\t\t<div class=\"elementor-element elementor-element-dd934d2 elementor-button-align-start elementor-widget elementor-widget-form\" data-id=\"dd934d2\" data-element_type=\"widget\" data-settings=\"{&quot;step_next_label&quot;:&quot;Next&quot;,&quot;step_previous_label&quot;:&quot;Previous&quot;,&quot;button_width&quot;:&quot;100&quot;,&quot;step_type&quot;:&quot;number_text&quot;,&quot;step_icon_shape&quot;:&quot;circle&quot;}\" data-widget_type=\"form.default\">\n\t\t\t\t<div class=\"elementor-widget-container\">\n\t\t\t\t\t<form class=\"elementor-form\" method=\"post\" name=\"Contacto\" action=\"\">\n\t\t\t<input type=\"hidden\" name=\"post_id\" value=\"110\"\/>\n\t\t\t<input type=\"hidden\" name=\"form_id\" value=\"dd934d2\"\/>\n\n\t\t\t\n\t\t\t<div class=\"elementor-form-fields-wrapper elementor-labels-\">\n\t\t\t\t\t\t\t\t<div class=\"elementor-field-type-text elementor-field-group elementor-column elementor-field-group-name elementor-col-100\">\n\t\t\t\t\t<label for=\"form-field-name\" class=\"elementor-field-label elementor-screen-only\">Nombre<\/label><input size=\"1\" type=\"text\" name=\"form_fields[name]\" id=\"form-field-name\" class=\"elementor-field elementor-size-sm  elementor-field-textual\" placeholder=\"Nombre\">\t\t\t\t<\/div>\n\t\t\t\t\t\t\t\t<div class=\"elementor-field-type-email elementor-field-group elementor-column elementor-field-group-email elementor-col-100 elementor-field-required\">\n\t\t\t\t\t<label for=\"form-field-email\" class=\"elementor-field-label elementor-screen-only\">Email<\/label><input size=\"1\" type=\"email\" name=\"form_fields[email]\" id=\"form-field-email\" class=\"elementor-field elementor-size-sm  elementor-field-textual\" placeholder=\"Email\" required=\"required\" aria-required=\"true\">\t\t\t\t<\/div>\n\t\t\t\t\t\t\t\t<div class=\"elementor-field-type-tel elementor-field-group elementor-column elementor-field-group-field_906dbfd elementor-col-50\">\n\t\t\t\t\t<label for=\"form-field-field_906dbfd\" class=\"elementor-field-label elementor-screen-only\">Telefono<\/label><input size=\"1\" type=\"tel\" name=\"form_fields[field_906dbfd]\" id=\"form-field-field_906dbfd\" class=\"elementor-field elementor-size-sm  elementor-field-textual\" placeholder=\"Telefono\" pattern=\"[0-9()#&amp;+*-=.]+\" title=\"Only numbers and phone characters (#, -, *, etc) are accepted.\">\t\t\t\t<\/div>\n\t\t\t\t\t\t\t\t<div class=\"elementor-field-type-select elementor-field-group elementor-column elementor-field-group-field_2d8096b elementor-col-50\">\n\t\t\t\t\t<label for=\"form-field-field_2d8096b\" class=\"elementor-field-label elementor-screen-only\">N\u00famero de Invitados<\/label>\t\t<div class=\"elementor-field elementor-select-wrapper\">\n\t\t\t<select name=\"form_fields[field_2d8096b]\" id=\"form-field-field_2d8096b\" class=\"elementor-field-textual elementor-size-sm\">\n\t\t\t\t<option value=\"N\u00famero de Invitados\">N\u00famero de Invitados<\/option><option value=\"-50\">-50<\/option><option value=\"50-100\">50-100<\/option><option value=\"100-200\">100-200<\/option><option value=\"200-300\">200-300<\/option><option value=\"300+\">300+<\/option><option value=\"Por Confirmar\">Por Confirmar<\/option>\t\t\t<\/select>\n\t\t<\/div>\n\t\t\t\t\t\t<\/div>\n\t\t\t\t\t\t\t\t<div class=\"elementor-field-type-select elementor-field-group elementor-column elementor-field-group-field_50c56ab elementor-col-50\">\n\t\t\t\t\t<label for=\"form-field-field_50c56ab\" class=\"elementor-field-label elementor-screen-only\">Tipo de evento<\/label>\t\t<div class=\"elementor-field elementor-select-wrapper\">\n\t\t\t<select name=\"form_fields[field_50c56ab]\" id=\"form-field-field_50c56ab\" class=\"elementor-field-textual elementor-size-sm\">\n\t\t\t\t<option value=\"Tipo de evento\">Tipo de evento<\/option><option value=\"Boda\">Boda<\/option><option value=\"Social\">Social<\/option><option value=\"Empresarial\">Empresarial<\/option>\t\t\t<\/select>\n\t\t<\/div>\n\t\t\t\t\t\t<\/div>\n\t\t\t\t\t\t\t\t<div class=\"elementor-field-type-date elementor-field-group elementor-column elementor-field-group-field_8f54030 elementor-col-50\">\n\t\t\t\t\t<label for=\"form-field-field_8f54030\" class=\"elementor-field-label elementor-screen-only\">Fecha<\/label><input type=\"date\" name=\"form_fields[field_8f54030]\" id=\"form-field-field_8f54030\" class=\"elementor-field elementor-size-sm  elementor-field-textual elementor-date-field elementor-use-native\" placeholder=\"Fecha\" pattern=\"[0-9]{4}-[0-9]{2}-[0-9]{2}\" min=\"2020-09-20\">\t\t\t\t<\/div>\n\t\t\t\t\t\t\t\t<div class=\"elementor-field-type-textarea elementor-field-group elementor-column elementor-field-group-message elementor-col-100\">\n\t\t\t\t\t<label for=\"form-field-message\" class=\"elementor-field-label elementor-screen-only\">\u00bfAlgo m\u00e1s que desees compartir?<\/label><textarea class=\"elementor-field-textual elementor-field  elementor-size-sm\" name=\"form_fields[message]\" id=\"form-field-message\" rows=\"4\" placeholder=\"\u00bfAlgo m\u00e1s que desees compartir?\"><\/textarea>\t\t\t\t<\/div>\n\t\t\t\t\t\t\t\t<div class=\"elementor-field-type-select elementor-field-group elementor-column elementor-field-group-field_a652d9e elementor-col-50\">\n\t\t\t\t\t<label for=\"form-field-field_a652d9e\" class=\"elementor-field-label elementor-screen-only\">\u00bfC\u00f3mo escuchaste sobre nosotros?<\/label>\t\t<div class=\"elementor-field elementor-select-wrapper\">\n\t\t\t<select name=\"form_fields[field_a652d9e]\" id=\"form-field-field_a652d9e\" class=\"elementor-field-textual elementor-size-sm\">\n\t\t\t\t<option value=\"\u00bfC\u00f3mo escuchaste sobre nosotros?\">\u00bfC\u00f3mo escuchaste sobre nosotros?<\/option><option value=\"Wedding Wire\">Wedding Wire<\/option><option value=\"ZankYou\">ZankYou<\/option><option value=\"Facebook\">Facebook<\/option><option value=\"Instagram\">Instagram<\/option><option value=\"Recomendaci\u00f3n\">Recomendaci\u00f3n<\/option><option value=\"Google\">Google<\/option><option value=\"Otro\">Otro<\/option>\t\t\t<\/select>\n\t\t<\/div>\n\t\t\t\t\t\t<\/div>\n\t\t\t\t\t\t\t\t<div class=\"elementor-field-group elementor-column elementor-field-type-submit elementor-col-100 e-form__buttons\">\n\t\t\t\t\t<button type=\"submit\" class=\"elementor-button elementor-size-sm\">\n\t\t\t\t\t\t<span >\n\t\t\t\t\t\t\t\t\t\t\t\t\t\t\t<span class=\"elementor-button-icon\">\n\t\t\t\t\t\t\t\t\t\t\t\t\t\t\t\t\t\t\t\t\t\t\t\t\t\t<\/span>\n\t\t\t\t\t\t\t\t\t\t\t\t\t\t\t\t\t\t\t\t\t\t<span class=\"elementor-button-text\">Enviar<\/span>\n\t\t\t\t\t\t\t\t\t\t\t\t\t<\/span>\n\t\t\t\t\t<\/button>\n\t\t\t\t<\/div>\n\t\t\t<\/div>\n\t\t<input type=\"hidden\" name=\"trp-form-language\" value=\"es\"\/><\/form>\n\t\t\t\t<\/div>\n\t\t\t\t<\/div>\n\t\t\t\t<div class=\"elementor-element elementor-element-3b1863c elementor-widget elementor-widget-text-editor\" data-id=\"3b1863c\" data-element_type=\"widget\" data-widget_type=\"text-editor.default\">\n\t\t\t\t<div class=\"elementor-widget-container\">\n\t\t\t\t\t<div class=\"elementor-text-editor elementor-clearfix\"><p><img loading=\"lazy\" class=\"aligncenter wp-image-60 size-full\" style=\"max-width: 50px;\" src=\"http:\/\/dianadreamdesigner.com\/wp-content\/uploads\/2020\/09\/Icon_B.png\" alt=\"\" width=\"512\" height=\"512\" srcset=\"https:\/\/dianadreamdesigner.com\/wp-content\/uploads\/2020\/09\/Icon_B.png 512w, https:\/\/dianadreamdesigner.com\/wp-content\/uploads\/2020\/09\/Icon_B-300x300.png 300w, https:\/\/dianadreamdesigner.com\/wp-content\/uploads\/2020\/09\/Icon_B-150x150.png 150w\" sizes=\"(max-width: 512px) 100vw, 512px\" \/><\/p><\/div>\n\t\t\t\t<\/div>\n\t\t\t\t<\/div>\n\t\t\t\t\t\t<\/div>\n\t\t\t\t\t<\/div>\n\t\t<\/div>\n\t\t\t\t<div class=\"elementor-column elementor-col-33 elementor-top-column elementor-element elementor-element-acd5505\" data-id=\"acd5505\" data-element_type=\"column\">\n\t\t\t<div class=\"elementor-column-wrap\">\n\t\t\t\t\t\t\t<div class=\"elementor-widget-wrap\">\n\t\t\t\t\t\t\t\t<\/div>\n\t\t\t\t\t<\/div>\n\t\t<\/div>\n\t\t\t\t\t\t\t\t<\/div>\n\t\t\t\t\t<\/div>\n\t\t<\/section>\n\t\t\t\t\t\t<\/div>\n\t\t\t\t\t\t<\/div>\n\t\t\t\t\t<\/div>","protected":false},"excerpt":{"rendered":"<p>Creating memories Cont\u00e1ctanos Escr\u00edbenos para agendar una asesor\u00eda complementaria sobre tu boda o evento. \u00a1Nos encantar\u00e1 escuchar tus ideas!<\/p>","protected":false},"author":1,"featured_media":0,"parent":0,"menu_order":0,"comment_status":"closed","ping_status":"closed","template":"elementor_header_footer","meta":[],"_links":{"self":[{"href":"https:\/\/dianadreamdesigner.com\/es\/wp-json\/wp\/v2\/pages\/110"}],"collection":[{"href":"https:\/\/dianadreamdesigner.com\/es\/wp-json\/wp\/v2\/pages"}],"about":[{"href":"https:\/\/dianadreamdesigner.com\/es\/wp-json\/wp\/v2\/types\/page"}],"author":[{"embeddable":true,"href":"https:\/\/dianadreamdesigner.com\/es\/wp-json\/wp\/v2\/users\/1"}],"replies":[{"embeddable":true,"href":"https:\/\/dianadreamdesigner.com\/es\/wp-json\/wp\/v2\/comments?post=110"}],"version-history":[{"count":24,"href":"https:\/\/dianadreamdesigner.com\/es\/wp-json\/wp\/v2\/pages\/110\/revisions"}],"predecessor-version":[{"id":1265,"href":"https:\/\/dianadreamdesigner.com\/es\/wp-json\/wp\/v2\/pages\/110\/revisions\/1265"}],"wp:attachment":[{"href":"https:\/\/dianadreamdesigner.com\/es\/wp-json\/wp\/v2\/media?parent=110"}],"curies":[{"name":"wp","href":"https:\/\/api.w.org\/{rel}","templated":true}]}}